{"id":16931,"date":"2020-09-11T15:50:21","date_gmt":"2020-09-11T18:50:21","guid":{"rendered":"http:\/\/protonagro.com.br\/home\/?post_type=product&#038;p=16931"},"modified":"2020-10-23T12:51:02","modified_gmt":"2020-10-23T15:51:02","slug":"respald","status":"publish","type":"product","link":"http:\/\/protonagro.com.br\/home\/product\/respald\/","title":{"rendered":"RESPALD"},"content":{"rendered":"<div class=\"vgblk-rw-wrapper limit-wrapper\"><strong>Formula\u00e7\u00e3o:<\/strong><br \/>\nSua formula cont\u00e9m o elemento Cobre a X%.<\/p>\n<p><strong>Indica\u00e7\u00e3o:<\/strong><br \/>\n\u00c9 indicado para diversas culturas em misturas de tanques com os demais produtos envolvidos nas pulveriza\u00e7\u00f5es.<\/p>\n<p><strong>Dosagem:<\/strong> De 100 a 200 ml \/ ha.<\/p>\n<p><strong>Natureza f\u00edsica:<\/strong>\u00a0Fluido solu\u00e7\u00e3o<\/p>\n<p><strong>Densidade<\/strong> \u2013 1,09 g\/cm\u00b3<\/div>\n<p><!-- .vgblk-rw-wrapper --><\/p>\n","protected":false},"excerpt":{"rendered":"<p>Fertilizante mineral via foliar<br \/>\nProduto desenvolvido para suprir a defici\u00eancia de macros e micronutrientes essenciais \u00e1s culturas, devido a oligodinamica de seus ingredientes, garante excelente performance e rusticidade contra poss\u00edveis injurias de origem naturais ou induzidas, possui a\u00e7\u00e3o translaminar, que proporciona perfeita absor\u00e7\u00e3o e a\u00e7\u00e3o metab\u00f3lica, vindo de encontro as necessidades atuais de manuseios agr\u00edcolas.<\/p>\n","protected":false},"featured_media":17006,"comment_status":"closed","ping_status":"closed","template":"","meta":{"inline_featured_image":false},"_links":{"self":[{"href":"http:\/\/protonagro.com.br\/home\/wp-json\/wp\/v2\/product\/16931"}],"collection":[{"href":"http:\/\/protonagro.com.br\/home\/wp-json\/wp\/v2\/product"}],"about":[{"href":"http:\/\/protonagro.com.br\/home\/wp-json\/wp\/v2\/types\/product"}],"replies":[{"embeddable":true,"href":"http:\/\/protonagro.com.br\/home\/wp-json\/wp\/v2\/comments?post=16931"}],"wp:featuredmedia":[{"embeddable":true,"href":"http:\/\/protonagro.com.br\/home\/wp-json\/wp\/v2\/media\/17006"}],"wp:attachment":[{"href":"http:\/\/protonagro.com.br\/home\/wp-json\/wp\/v2\/media?parent=16931"}],"curies":[{"name":"wp","href":"https:\/\/api.w.org\/{rel}","templated":true}]}}