{"id":16929,"date":"2020-09-11T15:48:07","date_gmt":"2020-09-11T18:48:07","guid":{"rendered":"http:\/\/protonagro.com.br\/home\/?post_type=product&#038;p=16929"},"modified":"2020-10-23T12:51:24","modified_gmt":"2020-10-23T15:51:24","slug":"restart","status":"publish","type":"product","link":"http:\/\/protonagro.com.br\/home\/product\/restart\/","title":{"rendered":"RESTART"},"content":{"rendered":"<div class=\"vgblk-rw-wrapper limit-wrapper\"><strong>Formula\u00e7\u00e3o:<\/strong><br \/>\nSua formula \u00e9 composta do elemento F\u00f3sforo, e do elemento Pot\u00e1ssio, contemplados com adjuvantes especiais que conferem ao produto destaque dentre outros de mesma proposta.<\/p>\n<p><strong>Indica\u00e7\u00e3o:<\/strong><br \/>\nIndicado nas diversas culturas de interesse comercial, promovendo rusticidade induzida as mesmas.<\/p>\n<p><strong>Dosagem:<\/strong> de 1,0 a 1,5 lts p\/ h\u00e1<\/p>\n<p><strong>Densidade:<\/strong> \u2013 1,40 g\/cm3<\/div>\n<p><!-- .vgblk-rw-wrapper --><\/p>\n","protected":false},"excerpt":{"rendered":"<p>Fertilizante mineral, desenvolvido para atender as necessidades no segmento agr\u00edcola atual.<br \/>\nDe a\u00e7\u00e3o sist\u00eamica bidirecional, translocando nas vias do xilema e floema, interferindo efetivamente na ativa\u00e7\u00e3o de enzimas proteicas nas c\u00e9lulas, tais como, fitoalexinas entre outras.<br \/>\nConfere as plantas excelente respaldo no tocante a intemp\u00e9ries e demais injurias de consequ\u00eancias bi\u00f3ticas e abi\u00f3ticas.<\/p>\n","protected":false},"featured_media":17007,"comment_status":"closed","ping_status":"closed","template":"","meta":{"inline_featured_image":false},"_links":{"self":[{"href":"http:\/\/protonagro.com.br\/home\/wp-json\/wp\/v2\/product\/16929"}],"collection":[{"href":"http:\/\/protonagro.com.br\/home\/wp-json\/wp\/v2\/product"}],"about":[{"href":"http:\/\/protonagro.com.br\/home\/wp-json\/wp\/v2\/types\/product"}],"replies":[{"embeddable":true,"href":"http:\/\/protonagro.com.br\/home\/wp-json\/wp\/v2\/comments?post=16929"}],"wp:featuredmedia":[{"embeddable":true,"href":"http:\/\/protonagro.com.br\/home\/wp-json\/wp\/v2\/media\/17007"}],"wp:attachment":[{"href":"http:\/\/protonagro.com.br\/home\/wp-json\/wp\/v2\/media?parent=16929"}],"curies":[{"name":"wp","href":"https:\/\/api.w.org\/{rel}","templated":true}]}}