{"id":16927,"date":"2020-09-11T15:45:29","date_gmt":"2020-09-11T18:45:29","guid":{"rendered":"http:\/\/protonagro.com.br\/home\/?post_type=product&#038;p=16927"},"modified":"2020-10-23T12:51:44","modified_gmt":"2020-10-23T15:51:44","slug":"romper","status":"publish","type":"product","link":"http:\/\/protonagro.com.br\/home\/product\/romper\/","title":{"rendered":"ROMPER"},"content":{"rendered":"<div class=\"vgblk-rw-wrapper limit-wrapper\"><strong>Indica\u00e7\u00e3o:<\/strong><br \/>\n\u00c9 indicado em pulveriza\u00e7\u00f5es agr\u00edcolas de forma geral em misturas com os demais produtos \u00e0 serem utilizados, potencializando a a\u00e7\u00e3o dos mesmos.<br \/>\nProduto de concep\u00e7\u00e3o moderna que atende perfeitamente a proposta de sustentabilidade no manuseio agr\u00edcola.<br \/>\nDosagem: De 100 a 200 ml p\/ ha.<\/p>\n<p><strong>Natureza f\u00edsica<\/strong>; Fluido solu\u00e7\u00e3o<\/p>\n<p><strong>Densidade<\/strong>: &#8211; 1,02 g\/cm3<\/div>\n<p><!-- .vgblk-rw-wrapper --><\/p>\n","protected":false},"excerpt":{"rendered":"<p>Fertilizante mineral, especialmente indicado na mistura em pulveriza\u00e7\u00f5es.<br \/>\nCom caracter\u00edstica relevante permite a substitui\u00e7\u00e3o de \u00f3leos e demais adjuvantes nas pulveriza\u00e7\u00f5es.<br \/>\nPossui excelente a\u00e7\u00e3o translaminar transpondo o mes\u00f3filo atingindo a face abaxial da folha.<br \/>\nPor sua carater\u00edstica hidrof\u00edlica e lipof\u00edlica contempla a absor\u00e7\u00e3o, evitando poss\u00edveis fitotoxidades preservando a serosidade das folhas, diminuindo efetivamente a exposi\u00e7\u00e3o persistente de produtos aplicados em conjunto sobre as mesmas por sua capacidade absortiva.<\/p>\n","protected":false},"featured_media":17008,"comment_status":"closed","ping_status":"closed","template":"","meta":{"inline_featured_image":false},"_links":{"self":[{"href":"http:\/\/protonagro.com.br\/home\/wp-json\/wp\/v2\/product\/16927"}],"collection":[{"href":"http:\/\/protonagro.com.br\/home\/wp-json\/wp\/v2\/product"}],"about":[{"href":"http:\/\/protonagro.com.br\/home\/wp-json\/wp\/v2\/types\/product"}],"replies":[{"embeddable":true,"href":"http:\/\/protonagro.com.br\/home\/wp-json\/wp\/v2\/comments?post=16927"}],"wp:featuredmedia":[{"embeddable":true,"href":"http:\/\/protonagro.com.br\/home\/wp-json\/wp\/v2\/media\/17008"}],"wp:attachment":[{"href":"http:\/\/protonagro.com.br\/home\/wp-json\/wp\/v2\/media?parent=16927"}],"curies":[{"name":"wp","href":"https:\/\/api.w.org\/{rel}","templated":true}]}}