{"id":16925,"date":"2020-09-11T15:42:49","date_gmt":"2020-09-11T18:42:49","guid":{"rendered":"http:\/\/protonagro.com.br\/home\/?post_type=product&#038;p=16925"},"modified":"2020-10-23T12:52:20","modified_gmt":"2020-10-23T15:52:20","slug":"tensonil","status":"publish","type":"product","link":"http:\/\/protonagro.com.br\/home\/product\/tensonil\/","title":{"rendered":"TENSONIL"},"content":{"rendered":"<div class=\"vgblk-rw-wrapper limit-wrapper\"><strong>Benef\u00edcios:<\/strong><br \/>\n\u00b7\u00a0\u00a0\u00a0\u00a0\u00a0\u00a0\u00a0\u00a0 Tensoativo<br \/>\n\u00b7\u00a0\u00a0\u00a0\u00a0\u00a0\u00a0\u00a0\u00a0 Antiespumante<br \/>\n\u00b7\u00a0\u00a0\u00a0\u00a0\u00a0\u00a0\u00a0\u00a0 Sequestrante<br \/>\n\u00b7\u00a0\u00a0\u00a0\u00a0\u00a0\u00a0\u00a0\u00a0 Antideriva\/Antievaporante<br \/>\n\u00b7\u00a0\u00a0\u00a0\u00a0\u00a0\u00a0\u00a0\u00a0 Fertilizante mineral misto<\/p>\n<p><strong>Indica\u00e7\u00f5es de Uso<\/strong><br \/>\nA f\u00f3rmula do Tensonil favorece a forma\u00e7\u00e3o de uma mistura homog\u00eanea das caldas de fungicidas e inseticidas, e \u00e9 indicado para as principais culturas.<\/p>\n<p><strong>Recomenda\u00e7\u00f5es de Uso<\/strong><br \/>\nA dosagem recomendada \u00e9 de 30 a 100 ml por hectare, podendo variar de acordo com os outros produtos que forem adicionados \u00e0 calda. \u00c9 recomend\u00e1vel realizar testes pr\u00e9vios de compatibilidade e seguir a orienta\u00e7\u00e3o de um t\u00e9cnico especializado.<br \/>\npH 4,0 a 5,0<\/p>\n<p><strong>Densidade:<\/strong> 1,15 g\/cm\u00b3<\/p>\n<p><strong>Natureza f\u00edsica:<\/strong> Flu\u00eddo suspens\u00e3o homog\u00eanea<\/div>\n<p><!-- .vgblk-rw-wrapper --><\/p>\n","protected":false},"excerpt":{"rendered":"<p>Tensonil \u00e9 um aditivo de \u00faltima gera\u00e7\u00e3o enriquecido com F\u00f3sforo e Nitrogenio, recomendado no preparo de caldas para fungicidas e inseticidas. Al\u00e9m de fornecer nutrientes essenciais para a lavoura, o TENSONIL ainda proporciona \u00e0 calda propriedades que melhoram a efici\u00eancia no momento da pulveriza\u00e7\u00e3o.<\/p>\n","protected":false},"featured_media":17009,"comment_status":"closed","ping_status":"closed","template":"","meta":{"inline_featured_image":false},"_links":{"self":[{"href":"http:\/\/protonagro.com.br\/home\/wp-json\/wp\/v2\/product\/16925"}],"collection":[{"href":"http:\/\/protonagro.com.br\/home\/wp-json\/wp\/v2\/product"}],"about":[{"href":"http:\/\/protonagro.com.br\/home\/wp-json\/wp\/v2\/types\/product"}],"replies":[{"embeddable":true,"href":"http:\/\/protonagro.com.br\/home\/wp-json\/wp\/v2\/comments?post=16925"}],"wp:featuredmedia":[{"embeddable":true,"href":"http:\/\/protonagro.com.br\/home\/wp-json\/wp\/v2\/media\/17009"}],"wp:attachment":[{"href":"http:\/\/protonagro.com.br\/home\/wp-json\/wp\/v2\/media?parent=16925"}],"curies":[{"name":"wp","href":"https:\/\/api.w.org\/{rel}","templated":true}]}}