{"id":16923,"date":"2020-09-11T15:40:24","date_gmt":"2020-09-11T18:40:24","guid":{"rendered":"http:\/\/protonagro.com.br\/home\/?post_type=product&#038;p=16923"},"modified":"2020-10-23T12:53:56","modified_gmt":"2020-10-23T15:53:56","slug":"tensonil-h","status":"publish","type":"product","link":"http:\/\/protonagro.com.br\/home\/product\/tensonil-h\/","title":{"rendered":"TENSONIL H"},"content":{"rendered":"<div class=\"vgblk-rw-wrapper limit-wrapper\"><strong>Benef\u00edcios<\/strong><br \/>\n\u2981 Tensoativo<br \/>\n\u2981 Antiespumante<br \/>\n\u2981 Sequestrante<br \/>\n\u2981 Antideriva<br \/>\n\u2981 Antievaporante<\/p>\n<p><strong>Indica\u00e7\u00e3o de Uso<\/strong><br \/>\nSua f\u00f3rmula foi desenvolvida para facilitar a elabora\u00e7\u00e3o de caldas de herbicidas. Outro benef\u00edcio \u00e9 a a\u00e7\u00e3o sequestrante, que elimina c\u00e1tions e \u00e2nions evitando a corros\u00e3o dos equipamentos de pulveriza\u00e7\u00e3o. \u00c9 recomendado para aplica\u00e7\u00e3o via foliar, a\u00e9rea ou terrestre.<\/p>\n<p><strong>Recomenda\u00e7\u00f5es de Uso<\/strong><br \/>\nA dosagem recomentada \u00e9 de 50 a 150 ml por hectare, podendo variar de acordo com os outros produtos que forem adicionados \u00e0 calda. \u00c9 recomend\u00e1vel realizar testes pr\u00e9vios de compatibilidade e seguir a orienta\u00e7\u00e3o de um t\u00e9cnico especializado.<br \/>\nNatureza f\u00edsica: Flu\u00eddo suspens\u00e3o homog\u00eanea<br \/>\npH: 2,0 a 3,0<br \/>\nDensidade: 1,20 g\/cm\u00b3<\/p>\n<p><strong>Informa\u00e7\u00f5es Adicionais:<\/strong><br \/>\nProduto para uso exclusivo agr\u00edcola. Impr\u00f3prio para uso alimentar. Evitar contato com a pele e mucosas. Armazenamento em local fresco, seco, ventilado, ao abrigo da luz, longe do alcance de crian\u00e7as e animais dom\u00e9sticos. As recomenda\u00e7\u00f5es de uso poder\u00e3o ser alteradas, de acordo com as necessidades de cada cultura. Para maiores informa\u00e7\u00f5es, consulte o t\u00e9cnico respons\u00e1vel.<\/div>\n<p><!-- .vgblk-rw-wrapper --><\/p>\n","protected":false},"excerpt":{"rendered":"<p>Tensonil H \u00e9 um fertilizante foliar misto com a\u00e7\u00e3o dessecante indicado para aplica\u00e7\u00e3o de herbicidas. Sua f\u00f3rmula \u00e9 enriquecida com Nitrog\u00eanio e possui alto teor de f\u00f3sforo, subst\u00e2ncias essenciais \u00e0 nutri\u00e7\u00e3o das plantas, melhorando a produtividade e contribuindo para a antecipa\u00e7\u00e3o do per\u00edodo de colheita.<\/p>\n","protected":false},"featured_media":17010,"comment_status":"closed","ping_status":"closed","template":"","meta":{"inline_featured_image":false},"_links":{"self":[{"href":"http:\/\/protonagro.com.br\/home\/wp-json\/wp\/v2\/product\/16923"}],"collection":[{"href":"http:\/\/protonagro.com.br\/home\/wp-json\/wp\/v2\/product"}],"about":[{"href":"http:\/\/protonagro.com.br\/home\/wp-json\/wp\/v2\/types\/product"}],"replies":[{"embeddable":true,"href":"http:\/\/protonagro.com.br\/home\/wp-json\/wp\/v2\/comments?post=16923"}],"wp:featuredmedia":[{"embeddable":true,"href":"http:\/\/protonagro.com.br\/home\/wp-json\/wp\/v2\/media\/17010"}],"wp:attachment":[{"href":"http:\/\/protonagro.com.br\/home\/wp-json\/wp\/v2\/media?parent=16923"}],"curies":[{"name":"wp","href":"https:\/\/api.w.org\/{rel}","templated":true}]}}