{"id":16921,"date":"2020-09-11T15:36:35","date_gmt":"2020-09-11T18:36:35","guid":{"rendered":"http:\/\/protonagro.com.br\/home\/?post_type=product&#038;p=16921"},"modified":"2020-10-23T12:50:32","modified_gmt":"2020-10-23T15:50:32","slug":"resilient","status":"publish","type":"product","link":"http:\/\/protonagro.com.br\/home\/product\/resilient\/","title":{"rendered":"RESILIENT"},"content":{"rendered":"<div class=\"vgblk-rw-wrapper limit-wrapper\"><strong>Benef\u00edcios:<\/strong><br \/>\n\u00b7\u00a0\u00a0\u00a0\u00a0\u00a0\u00a0\u00a0\u00a0 100% sol\u00favel em \u00e1gua<br \/>\n\u00b7\u00a0\u00a0\u00a0\u00a0\u00a0\u00a0\u00a0\u00a0. R\u00e1pida absor\u00e7\u00e3o foliar<br \/>\n\u00b7\u00a0\u00a0\u00a0\u00a0\u00a0\u00a0\u00a0\u00a0. F\u00e1cil manuseio<br \/>\n\u00b7\u00a0\u00a0\u00a0\u00a0\u00a0\u00a0\u00a0\u00a0. Melhora a qualidade e peso dos gr\u00e3os<br \/>\n\u00b7\u00a0\u00a0\u00a0\u00a0\u00a0\u00a0\u00a0\u00a0 Maximiza\u00e7\u00e3o da produtividade<br \/>\n\u00b7\u00a0\u00a0\u00a0\u00a0\u00a0\u00a0\u00a0\u00a0. Fortalece a planta contra pragas e intemp\u00e9ries<br \/>\n\u00b7\u00a0\u00a0\u00a0\u00a0\u00a0\u00a0\u00a0\u00a0 Amino\u00e1cidos, macro e micronutrientes complexados<br \/>\n<strong>Indica\u00e7\u00f5es de Uso<\/strong><br \/>\nO RESILIENT \u00e9 sol\u00favel em \u00e1gua e compat\u00edvel com a maioria dos produtos vendidos no mercado, podendo ser misturado \u00e0 calda antes da pulveriza\u00e7\u00e3o.<\/p>\n<p><strong>Recomenda\u00e7\u00e3o de Dosagem.<\/strong><br \/>\nA dosagem recomendada \u00e9 de 300 a 600 ml por hectare, em doses repetidas variando de acordo com a necessidade de cada cultura especificamente.<br \/>\nMuito embora n\u00e3o se tenha informa\u00e7\u00e3o de incompatibilidades, recomenda-se realiza\u00e7\u00e3o de pr\u00e9-misturas, seguindo orienta\u00e7\u00e3o t\u00e9cnica especializada.<br \/>\nDensidade: 1,20 g\/cm\u00b3<\/p>\n<p><strong>Natureza f\u00edsica:<\/strong> Flu\u00eddo suspens\u00e3o homog\u00eanea<\/div>\n<p><!-- .vgblk-rw-wrapper --><\/p>\n","protected":false},"excerpt":{"rendered":"<p>Resilient\u00a0\u00e9 um fertilizante mineral misto especial composto de macros e micros nutrientes essenciais no processo de forma\u00e7\u00e3o e desenvolvimento da planta. Sua f\u00f3rmula foi elaborada com base nos resultados de pesquisas realizadas por diversos cientistas independentes e que apontam um novo conceito em nutri\u00e7\u00e3o vegetal, que al\u00e9m de nutrir, torna as plantas mais resistentes.<br \/>\nAtrav\u00e9s do seu mecanismo de a\u00e7\u00e3o, proporciona maior vigor e resist\u00eancia \u00e0 planta, resultando em maior produtividade e qualidade para a lavoura.<\/p>\n","protected":false},"featured_media":17005,"comment_status":"closed","ping_status":"closed","template":"","meta":{"inline_featured_image":false},"_links":{"self":[{"href":"http:\/\/protonagro.com.br\/home\/wp-json\/wp\/v2\/product\/16921"}],"collection":[{"href":"http:\/\/protonagro.com.br\/home\/wp-json\/wp\/v2\/product"}],"about":[{"href":"http:\/\/protonagro.com.br\/home\/wp-json\/wp\/v2\/types\/product"}],"replies":[{"embeddable":true,"href":"http:\/\/protonagro.com.br\/home\/wp-json\/wp\/v2\/comments?post=16921"}],"wp:featuredmedia":[{"embeddable":true,"href":"http:\/\/protonagro.com.br\/home\/wp-json\/wp\/v2\/media\/17005"}],"wp:attachment":[{"href":"http:\/\/protonagro.com.br\/home\/wp-json\/wp\/v2\/media?parent=16921"}],"curies":[{"name":"wp","href":"https:\/\/api.w.org\/{rel}","templated":true}]}}