{"id":16918,"date":"2020-09-11T15:13:29","date_gmt":"2020-09-11T18:13:29","guid":{"rendered":"http:\/\/protonagro.com.br\/home\/?post_type=product&#038;p=16918"},"modified":"2020-10-23T12:55:29","modified_gmt":"2020-10-23T15:55:29","slug":"aton","status":"publish","type":"product","link":"http:\/\/protonagro.com.br\/home\/product\/aton\/","title":{"rendered":"ATON"},"content":{"rendered":"<div class=\"vgblk-rw-wrapper limit-wrapper\"><strong>Benef\u00edcios:<\/strong><br \/>\n\u00b7\u00a0\u00a0\u00a0\u00a0\u00a0\u00a0\u00a0\u00a0 Manejo sustent\u00e1vel<br \/>\n\u00b7\u00a0\u00a0\u00a0\u00a0\u00a0\u00a0\u00a0\u00a0Nutri e fortalece as plantas, respaldando nas adversidades de consequ\u00eancias bi\u00f3ticas e abi\u00f3ticas.<br \/>\n\u00b7\u00a0\u00a0\u00a0\u00a0\u00a0\u00a0\u00a0\u00a0Proporciona \u00e0 cultura maior toler\u00e2ncia \u00e0 intemp\u00e9ries<br \/>\n\u00b7\u00a0\u00a0\u00a0\u00a0\u00a0\u00a0\u00a0 Produto sol\u00favel em \u00e1gua e de r\u00e1pida absor\u00e7\u00e3o<br \/>\n<strong>&#8211; A\u00e7\u00e3o sist\u00eamica e de contato<\/strong><br \/>\n\u00b7\u00a0\u00a0\u00a0\u00a0\u00a0\u00a0\u00a0\u00a0 F\u00e1cil manuseio<br \/>\n\u00b7\u00a0\u00a0\u00a0\u00a0\u00a0\u00a0\u00a0\u00a0 Maximiza\u00e7\u00e3o da produtividade<br \/>\n\u00b7\u00a0\u00a0\u00a0\u00a0\u00a0\u00a0\u00a0\u00a0 Melhor custo x benef\u00edcio<br \/>\n<strong>Indica\u00e7\u00f5es de Uso<\/strong><br \/>\nO produto \u00e9 indicado para uso agr\u00edcola em diversas culturas em aplica\u00e7\u00f5es foliares e posicionado de acordo com a necessidade individual de cada cultura. Pode ser aplicado isoladamente ou em misturas, verificando antecipadamente se h\u00e1 incompatibilidades com outros produtos, atrav\u00e9s de pr\u00e9-misturas.<br \/>\n<strong>Especifica\u00e7\u00f5es T\u00e9cnicas<\/strong><br \/>\nFertilizantes mineral complexo contendo 30% do macronutriente F\u00f3sforo (\u00e1cido fosforoso) associado ao elemento Cobre 3,0%. A rea\u00e7\u00e3o sin\u00e9rgica confere ao produto caracter\u00edsticas essenciais ao seu posicionamento. A disponibiliza\u00e7\u00e3o do elemento Cobre ocorre naturalmente de maneira complementar, enaltecendo a oligodinamica do elemento.<br \/>\nNatureza f\u00edsica: Flu\u00eddo solu\u00e7\u00e3o verdadeira<br \/>\nDensidade: 1,25 g\/cm\u00b3<\/div>\n<p><!-- .vgblk-rw-wrapper --><\/p>\n","protected":false},"excerpt":{"rendered":"<p>O\u00a0Aton\u00a0\u00e9 um produto complexo que promove a difus\u00e3o proteica, auxiliando na mobiliza\u00e7\u00e3o de part\u00edculas no interior da planta, potencializando os resultados e garantindo a produtividade. Promove a indu\u00e7\u00e3o dos recursos naturais de defesa vegetal, atrav\u00e9s da produ\u00e7\u00e3o de prote\u00ednas enzim\u00e1ticas protetivas, que possuem amplo desempenho de a\u00e7\u00e3o, possibilitando uma produ\u00e7\u00e3o efetiva e sustent\u00e1vel.<\/p>\n","protected":false},"featured_media":17004,"comment_status":"closed","ping_status":"closed","template":"","meta":{"inline_featured_image":false},"_links":{"self":[{"href":"http:\/\/protonagro.com.br\/home\/wp-json\/wp\/v2\/product\/16918"}],"collection":[{"href":"http:\/\/protonagro.com.br\/home\/wp-json\/wp\/v2\/product"}],"about":[{"href":"http:\/\/protonagro.com.br\/home\/wp-json\/wp\/v2\/types\/product"}],"replies":[{"embeddable":true,"href":"http:\/\/protonagro.com.br\/home\/wp-json\/wp\/v2\/comments?post=16918"}],"wp:featuredmedia":[{"embeddable":true,"href":"http:\/\/protonagro.com.br\/home\/wp-json\/wp\/v2\/media\/17004"}],"wp:attachment":[{"href":"http:\/\/protonagro.com.br\/home\/wp-json\/wp\/v2\/media?parent=16918"}],"curies":[{"name":"wp","href":"https:\/\/api.w.org\/{rel}","templated":true}]}}