{"id":11419,"date":"2016-12-05T16:29:56","date_gmt":"2016-12-05T16:29:56","guid":{"rendered":"https:\/\/landscaping.vamtam.com\/?page_id=11419"},"modified":"2020-09-24T17:34:18","modified_gmt":"2020-09-24T20:34:18","slug":"soja","status":"publish","type":"page","link":"http:\/\/protonagro.com.br\/home\/","title":{"rendered":"Home &#8211; Soja"},"content":{"rendered":"<div class=\"vgblk-rw-wrapper limit-wrapper\"><h3>\n\t\t\t<a href=\"http:\/\/protonagro.com.br\/home\/product\/resilient\/\" title=\"Produtos voltados para cultura de soja\" target=\"_self\" rel=\"noopener noreferrer\">\n\tProdutos voltados para cultura de soja\n\t\t\t<\/a>\n\t<\/h3>\n<h3>\n\t\t\t<a href=\"http:\/\/protonagro.com.br\/home\/product\/resilient\/\" title=\"POSICIONAMENTOS DOS PRODUTOS NA CULTURA DE SOJA\" target=\"_self\" rel=\"noopener noreferrer\">\n\tPOSICIONAMENTOS DOS PRODUTOS NA CULTURA DE SOJA\n\t\t\t<\/a>\n\t<\/h3>\n<p><strong>*SOJA (Glycine max)<\/strong><\/p>\n<strong>&#8211; Recomenda\u00e7\u00f5es de uso:<\/strong><br \/>\n<strong>Pulveriza\u00e7\u00f5es: (Escala Fehr e Caviness)<\/strong><br \/>\n<strong>Produtos e dosagens por ha.<\/strong><br \/>\n<strong>Fase V5 &#8211; RESILIENT &#8230;&#8230;&#8230;&#8230;&#8230;&#8230;&#8230;&#8230;&#8230;&#8230;400 ml<\/strong><br \/>\n<strong>Fase R1 &#8211; RESILIENT &#8230;&#8230;&#8230;&#8230;&#8230;&#8230;&#8230;&#8230;&#8230;&#8230;.400 ml<\/strong><br \/>\n<strong>Fase R3 \u2013 RESILIENT &#8230;&#8230;&#8230;&#8230;&#8230;&#8230;&#8230;&#8230;&#8230;&#8230;.400 ml<\/strong><br \/>\n<strong>FASE R5.1 \u2013 RESILIENT &#8230;&#8230;&#8230;&#8230;&#8230;&#8230;&#8230;&#8230;&#8230;.400 ml<\/strong><br \/>\n<strong>&#8211; Recomenda-se a adi\u00e7\u00e3o de ROMPER ou TENSONIL na calda de<\/strong><br \/>\n<strong>pulveriza\u00e7\u00e3o como adjuvantes.<\/strong><br \/>\n<strong>ROMPER \u2013 de 100 a 150 ml<\/strong><br \/>\n<strong>TENSONIL \u2013 de 40 a 50 ml<\/strong>\n\t<a href=\"http:\/\/protonagro.com.br\/home\/product\/resilient\/\" target=\"_self\" role=\"button\" rel=\"noopener noreferrer\">\n\t\t\t\t\tVeja as recomenda\u00e7\u00f5es e Dosagens do Produto\n\t<\/a>\n<\/div><!-- .vgblk-rw-wrapper -->","protected":false},"excerpt":{"rendered":"<p>Produtos voltados para cultura de soja POSICIONAMENTOS DOS PRODUTOS NA CULTURA DE SOJA *SOJA (Glycine max) &#8211; Recomenda\u00e7\u00f5es de uso: Pulveriza\u00e7\u00f5es: (Escala Fehr e Caviness) Produtos e dosagens por ha. Fase V5 &#8211; RESILIENT &#8230;&#8230;&#8230;&#8230;&#8230;&#8230;&#8230;&#8230;&#8230;&#8230;400 ml Fase R1 &#8211; RESILIENT &#8230;&#8230;&#8230;&#8230;&#8230;&#8230;&#8230;&#8230;&#8230;&#8230;.400 ml Fase R3 \u2013 RESILIENT &#8230;&#8230;&#8230;&#8230;&#8230;&#8230;&#8230;&#8230;&#8230;&#8230;.400 ml FASE R5.1 \u2013 RESILIENT &#8230;&#8230;&#8230;&#8230;&#8230;&#8230;&#8230;&#8230;&#8230;.400 ml &#8211;&#8230;<\/p>\n","protected":false},"author":1,"featured_media":0,"parent":0,"menu_order":0,"comment_status":"closed","ping_status":"closed","template":"","meta":{"inline_featured_image":false,"footnotes":""},"_links":{"self":[{"href":"http:\/\/protonagro.com.br\/home\/wp-json\/wp\/v2\/pages\/11419"}],"collection":[{"href":"http:\/\/protonagro.com.br\/home\/wp-json\/wp\/v2\/pages"}],"about":[{"href":"http:\/\/protonagro.com.br\/home\/wp-json\/wp\/v2\/types\/page"}],"author":[{"embeddable":true,"href":"http:\/\/protonagro.com.br\/home\/wp-json\/wp\/v2\/users\/1"}],"replies":[{"embeddable":true,"href":"http:\/\/protonagro.com.br\/home\/wp-json\/wp\/v2\/comments?post=11419"}],"version-history":[{"count":10,"href":"http:\/\/protonagro.com.br\/home\/wp-json\/wp\/v2\/pages\/11419\/revisions"}],"predecessor-version":[{"id":16984,"href":"http:\/\/protonagro.com.br\/home\/wp-json\/wp\/v2\/pages\/11419\/revisions\/16984"}],"wp:attachment":[{"href":"http:\/\/protonagro.com.br\/home\/wp-json\/wp\/v2\/media?parent=11419"}],"curies":[{"name":"wp","href":"https:\/\/api.w.org\/{rel}","templated":true}]}}